{"id":165,"date":"2018-07-27T07:14:36","date_gmt":"2018-07-27T07:14:36","guid":{"rendered":"https:\/\/www.skischule-spitzingsee.de\/?page_id=165"},"modified":"2018-12-22T17:33:51","modified_gmt":"2018-12-22T17:33:51","slug":"angebote-am-spitzingsee","status":"publish","type":"page","link":"https:\/\/www.skischule-spitzingsee.de\/?page_id=165","title":{"rendered":"Unsere Kursangebote am Spitzingsee"},"content":{"rendered":"<h5>Die Skischule verf\u00fcgt \u00fcber ein eigenes Kindergel\u00e4nde mit Seillift und Zauberteppich und im Skigebiet Spitzingsee finden auch Fortgeschrittene, K\u00f6nner und Experten das passende Gel\u00e4nde. Hier bieten wir Ski- und Snowboardkurse f\u00fcr Kinder ab 4 Jahren, Jugendliche und Erwachsene\u2026<\/h5>\n<h3>Ferienkurse<\/h3>\n<p>In den Weihnachtsferien, Faschingsferien und in den Winterferien (Berlin, Hessen u.a.) finden unsere <a href=\"https:\/\/www.skischule-spitzingsee.de\/?page_id=187\">mehrt\u00e4gigen Ferienkurse<\/a> statt, in allen K\u00f6nnensstufen f\u00fcr junge, junggebliebene und \u00e4ltere Teilnehmer. Am letzten Kurstag zeigen die Teilnehmer beim gro\u00dfen Abschlussrennen ihr K\u00f6nnen.<\/p>\n<h3>Wochenendkurse<\/h3>\n<p>Die <a href=\"https:\/\/www.skischule-spitzingsee.de\/?page_id=265\">Wochenendkurse<\/a> umfassen immer Samstag und Sonntag und finden an jedem Schneewochenende statt. Sie sind f\u00fcr alle K\u00f6nnens- und Altersstufen geeignet.<\/p>\n<h3>\u201ePrivatunterricht Ski, Snowboard &amp; Langlauf\u201c<\/h3>\n<p><a href=\"https:\/\/www.skischule-spitzingsee.de\/?page_id=269\">Privatunterricht<\/a> ist die effektivste Art zu lernen, in allen Disziplinen &#8211; Ski alpin, Snowboard und Langlauf! Hier k\u00f6nnen wir ganz speziell auf die W\u00fcnsche des Teilnehmers eingehen und ihn individuell f\u00f6rdern. Vereinbaren Sie einen Termin mit uns.<\/p>\n<h3><\/h3>\n<h3><img loading=\"lazy\" decoding=\"async\" src=\"https:\/\/www.skischule-spitzingsee.de\/wp-content\/uploads\/2018\/10\/kiga-wide.jpg\" alt=\"\" class=\"alignright size-full wp-image-297\" width=\"1600\" height=\"400\" srcset=\"https:\/\/www.skischule-spitzingsee.de\/wp-content\/uploads\/2018\/10\/kiga-wide.jpg 1600w, https:\/\/www.skischule-spitzingsee.de\/wp-content\/uploads\/2018\/10\/kiga-wide-300x75.jpg 300w, https:\/\/www.skischule-spitzingsee.de\/wp-content\/uploads\/2018\/10\/kiga-wide-768x192.jpg 768w, https:\/\/www.skischule-spitzingsee.de\/wp-content\/uploads\/2018\/10\/kiga-wide-1024x256.jpg 1024w\" sizes=\"auto, (max-width: 1600px) 100vw, 1600px\" \/><\/h3>\n<h3>Kurse f\u00fcr Kinderg\u00e4rten und Schulen<\/h3>\n<p>Sie planen einen <a href=\"https:\/\/www.skischule-spitzingsee.de\/?page_id=283\">Kurs f\u00fcr Ihren Kindergarten oder Ihre Schule<\/a>? Wir haben neben traditionellen Kurswochen (Montag bis Freitag je 3 h Kurs) mit gro\u00dfem Abschlussrennen auch Wintersporttage im Programm. Wir beraten Sie gerne. (Tel. 08026 7662)<\/p>\n<h3><img loading=\"lazy\" decoding=\"async\" src=\"https:\/\/www.skischule-spitzingsee.de\/wp-content\/uploads\/2018\/10\/skitour-wide.jpg\" alt=\"\" class=\"alignright size-full wp-image-292\" width=\"1600\" height=\"382\" srcset=\"https:\/\/www.skischule-spitzingsee.de\/wp-content\/uploads\/2018\/10\/skitour-wide.jpg 1600w, https:\/\/www.skischule-spitzingsee.de\/wp-content\/uploads\/2018\/10\/skitour-wide-300x72.jpg 300w, https:\/\/www.skischule-spitzingsee.de\/wp-content\/uploads\/2018\/10\/skitour-wide-768x183.jpg 768w, https:\/\/www.skischule-spitzingsee.de\/wp-content\/uploads\/2018\/10\/skitour-wide-1024x244.jpg 1024w\" sizes=\"auto, (max-width: 1600px) 100vw, 1600px\" \/><\/h3>\n<h3>Skitoureneinf\u00fchrung<\/h3>\n<p>Sie tr\u00e4umen von genussvollen Aufstiegen, Gipfelblick, einsamen H\u00e4ngen und Pulverschnee? Lassen Sie sich von uns in das <a href=\"https:\/\/www.skischule-spitzingsee.de\/?page_id=286\">Skitourengehen<\/a> einf\u00fchren.<\/p>\n<h3>Schneeschuhtouren<\/h3>\n<p>Abseits der bev\u00f6lkerten Pisten und Loipen die winterliche Natur genie\u00dfen, das verspricht eine <a href=\"https:\/\/www.skischule-spitzingsee.de\/?page_id=286\">Schneeschuh-Tour<\/a>.<br \/>\nLassen Sie sich von einem ortskundigen Guide in die traumhafte Winterwelt einf\u00fchren.<\/p>\n","protected":false},"excerpt":{"rendered":"<p>Die Skischule verf\u00fcgt \u00fcber ein eigenes Kindergel\u00e4nde mit Seillift und Zauberteppich und im Skigebiet Spitzingsee finden auch Fortgeschrittene, K\u00f6nner und Experten das passende Gel\u00e4nde. Hier bieten wir Ski- und Snowboardkurse f\u00fcr Kinder ab 4 Jahren, Jugendliche und Erwachsene\u2026 Ferienkurse In den Weihnachtsferien, Faschingsferien und in den Winterferien (Berlin, Hessen u.a.)<a class=\"moretag\" href=\"https:\/\/www.skischule-spitzingsee.de\/?page_id=165\"> Weiterlesen<\/a><\/p>\n","protected":false},"author":1,"featured_media":81,"parent":0,"menu_order":0,"comment_status":"closed","ping_status":"closed","template":"page-templates\/template-fullwidth.php","meta":{"jetpack_post_was_ever_published":false,"footnotes":""},"class_list":["post-165","page","type-page","status-publish","has-post-thumbnail","hentry"],"jetpack_sharing_enabled":true,"jetpack_shortlink":"https:\/\/wp.me\/Paq1kc-2F","_links":{"self":[{"href":"https:\/\/www.skischule-spitzingsee.de\/index.php?rest_route=\/wp\/v2\/pages\/165","targetHints":{"allow":["GET"]}}],"collection":[{"href":"https:\/\/www.skischule-spitzingsee.de\/index.php?rest_route=\/wp\/v2\/pages"}],"about":[{"href":"https:\/\/www.skischule-spitzingsee.de\/index.php?rest_route=\/wp\/v2\/types\/page"}],"author":[{"embeddable":true,"href":"https:\/\/www.skischule-spitzingsee.de\/index.php?rest_route=\/wp\/v2\/users\/1"}],"replies":[{"embeddable":true,"href":"https:\/\/www.skischule-spitzingsee.de\/index.php?rest_route=%2Fwp%2Fv2%2Fcomments&post=165"}],"version-history":[{"count":12,"href":"https:\/\/www.skischule-spitzingsee.de\/index.php?rest_route=\/wp\/v2\/pages\/165\/revisions"}],"predecessor-version":[{"id":452,"href":"https:\/\/www.skischule-spitzingsee.de\/index.php?rest_route=\/wp\/v2\/pages\/165\/revisions\/452"}],"wp:featuredmedia":[{"embeddable":true,"href":"https:\/\/www.skischule-spitzingsee.de\/index.php?rest_route=\/wp\/v2\/media\/81"}],"wp:attachment":[{"href":"https:\/\/www.skischule-spitzingsee.de\/index.php?rest_route=%2Fwp%2Fv2%2Fmedia&parent=165"}],"curies":[{"name":"wp","href":"https:\/\/api.w.org\/{rel}","templated":true}]}}