{"id":187,"date":"2018-08-06T18:41:19","date_gmt":"2018-08-06T18:41:19","guid":{"rendered":"https:\/\/www.skischule-spitzingsee.de\/?page_id=187"},"modified":"2026-01-22T20:27:27","modified_gmt":"2026-01-22T20:27:27","slug":"ferienkurse-ski-und-snowboard","status":"publish","type":"page","link":"https:\/\/www.skischule-spitzingsee.de\/?page_id=187","title":{"rendered":"Ferienkurse Ski und Snowboard"},"content":{"rendered":"<h4>Dieses Jahr starten wir sogar schon vor Heiligabend den ersten Kurs! Wir freuen uns auf den Schnee und auf Euch. F\u00fcr alle Kurse gilt:<\/h4>\n<ul>\n<li>Die Kurse sind f\u00fcr Kinder ab 4 Jahre, nach oben gibt es keine Grenze.<\/li>\n<li>Alle Kurse gibt es f\u00fcr Ski und Snowboard!<\/li>\n<li>Abschlussrennen machen wir bei Kursen von mind. 4 Tagen<\/li>\n<\/ul>\n<h4>Hier sind unsere Kurse in den Weihnachtsferien:<\/h4>\n<table class=\"aligncenter\" style=\"width: 100%; border-style: inset;\" border=\"1\">\n<tbody>\n<tr style=\"background-color: #cdd9f7;\">\n<td style=\"width: 7%;\">Kurs<\/td>\n<td style=\"width: 60%;\">Datum und Uhrzeit<\/td>\n<td style=\"width: 18%;\">(Preise zzgl. Liftgeb\u00fchr)<\/td>\n<td style=\"width: 15%;\"><\/td>\n<\/tr>\n<tr style=\"background-color: #d4d4d4;\">\n<td style=\"width: 7%;\">F1<\/td>\n<td style=\"width: 60%;\">Samstag, 20.12.2024 bis Dienstag, 23.12.2025<br \/>\nJe 9:30 bis 12:30 Uhr<\/td>\n<td style=\"width: 18%;\">210,00 EUR<\/td>\n<td style=\"width: 15%;\"><button class=\"caldera-forms-modal\" data-form=\"CF5bc8e0908f1d8\"data-remodal-target=\"cf-modal-CF5bc8e0908f1d869e0cf663335e\" title=\"Click to open the form F1 in a modal\">Kurs buchen<\/button><\/td>\n<\/tr>\n<tr style=\"background-color: #d4d4d4;\">\n<td style=\"width: 7%;\">F2<\/td>\n<td style=\"width: 60%;\">Freitag, 26.12.2025 bis Sonntag, 28.12.2025<br \/>\nJe 9:30 bis 12:30 Uhr<\/td>\n<td style=\"width: 18%;\">175,00 EUR<\/td>\n<td style=\"width: 15%;\">Leider ausgebucht<\/td>\n<\/tr>\n<tr style=\"background-color: #d4d4d4;\">\n<td style=\"width: 7%;\">F3<\/td>\n<td style=\"width: 60%;\">Montag, 29.12.2025 bis Freitag, 02.01.2026<br \/>\nJe 9:30 bis 12:30 Uhr<\/td>\n<td style=\"width: 18%;\">250,00 EUR<\/td>\n<td style=\"width: 15%;\">Leider ausgebucht<\/td>\n<\/tr>\n<tr style=\"background-color: #d4d4d4;\">\n<td style=\"width: 7%;\">F4<\/td>\n<td style=\"width: 60%;\">Samstag, 03.01.2026 bis Dienstag, 06.01.2026<br \/>\nJe 9:30 bis 12:30 Uhr<\/td>\n<td style=\"width: 18%;\">210,00 EUR<\/td>\n<td style=\"width: 15%;\">Leider ausgebucht<\/td>\n<\/tr>\n<\/tbody>\n<\/table>\n<h4>Kurs in den Winterferien 2024<\/h4>\n<table class=\"aligncenter\" style=\"width: 100%; border-style: inset;\" border=\"1\">\n<tbody>\n<tr style=\"background-color: #cdd9f7;\">\n<td style=\"width: 7%;\">Kurs<\/td>\n<td style=\"width: 60%;\">Datum und Uhrzeit<\/td>\n<td style=\"width: 18%;\">(Preise zzgl. Liftgeb\u00fchr)<\/td>\n<td style=\"width: 15%;\"><\/td>\n<\/tr>\n<tr style=\"background-color: #d4d4d4;\">\n<td style=\"width: 7%;\">F5<\/td>\n<td style=\"width: 60%;\">Montag, 02.02.2026 bis Freitag, 06.02.2026<br \/>\nJe 9 bis 12 Uhr<\/td>\n<td style=\"width: 18%;\">250,00 EUR<\/td>\n<td style=\"width: 15%;\"><button class=\"caldera-forms-modal\" data-form=\"CF5bc96b74f0361\"data-remodal-target=\"cf-modal-CF5bc96b74f036169e0cf663e492\" title=\"Click to open the form F5 in a modal\">Kurs buchen<\/button><\/td>\n<\/tr>\n<\/tbody>\n<\/table>\n<h4>Kurse in den Faschingsferien<\/h4>\n<h6>Kurse zur sch\u00f6nsten Zeit des Winters, wenn die Tage bereits wieder l\u00e4nger geworden und die Pisten noch immer in einem perfekten Zustand sind&#8230;<\/h6>\n<table class=\"aligncenter\" style=\"width: 100%; border-style: inset;\" border=\"1\">\n<tbody>\n<tr style=\"background-color: #cdd9f7;\">\n<td style=\"width: 7%;\">Kurs<\/td>\n<td style=\"width: 60%;\">Datum und Uhrzeit<\/td>\n<td style=\"width: 18%;\">(Preise zzgl. Liftgeb\u00fchr)<\/td>\n<td style=\"width: 15%;\"><\/td>\n<\/tr>\n<tr style=\"background-color: #d4d4d4;\">\n<td style=\"width: 7%;\">F6<\/td>\n<td style=\"width: 60%;\">Samstag, 14.02.2026 bis Dienstag, 17.02.2026<br \/>\nJe 9:30 bis 12:30 Uhr<\/td>\n<td style=\"width: 18%;\">210,00 EUR<\/td>\n<td style=\"width: 15%;\">Leider ausgebucht<\/td>\n<\/tr>\n<tr style=\"background-color: #d4d4d4;\">\n<td style=\"width: 7%;\">F7<\/td>\n<td style=\"width: 60%;\">Montag, 16.02.2026 bis Freitag, 20.02.2026<br \/>\nJe 9:30 bis 12:30 Uhr<\/td>\n<td style=\"width: 18%;\">250,00 EUR<\/td>\n<td style=\"width: 15%;\"><button class=\"caldera-forms-modal\" data-form=\"CF5d72191999faf\"data-remodal-target=\"cf-modal-CF5d72191999faf69e0cf664127c\" title=\"Click to open the form F7 in a modal\">Kurs buchen<\/button><\/td>\n<\/tr>\n<\/tbody>\n<\/table>\n","protected":false},"excerpt":{"rendered":"<p>Dieses Jahr starten wir sogar schon vor Heiligabend den ersten Kurs! Wir freuen uns auf den Schnee und auf Euch. F\u00fcr alle Kurse gilt: Die Kurse sind f\u00fcr Kinder ab 4 Jahre, nach oben gibt es keine Grenze. Alle Kurse gibt es f\u00fcr Ski und Snowboard! Abschlussrennen machen wir bei<a class=\"moretag\" href=\"https:\/\/www.skischule-spitzingsee.de\/?page_id=187\"> Weiterlesen<\/a><\/p>\n","protected":false},"author":1,"featured_media":135,"parent":165,"menu_order":0,"comment_status":"closed","ping_status":"closed","template":"page-templates\/template-fullwidth.php","meta":{"jetpack_post_was_ever_published":false,"footnotes":""},"class_list":["post-187","page","type-page","status-publish","has-post-thumbnail","hentry"],"jetpack_sharing_enabled":true,"jetpack_shortlink":"https:\/\/wp.me\/Paq1kc-31","_links":{"self":[{"href":"https:\/\/www.skischule-spitzingsee.de\/index.php?rest_route=\/wp\/v2\/pages\/187","targetHints":{"allow":["GET"]}}],"collection":[{"href":"https:\/\/www.skischule-spitzingsee.de\/index.php?rest_route=\/wp\/v2\/pages"}],"about":[{"href":"https:\/\/www.skischule-spitzingsee.de\/index.php?rest_route=\/wp\/v2\/types\/page"}],"author":[{"embeddable":true,"href":"https:\/\/www.skischule-spitzingsee.de\/index.php?rest_route=\/wp\/v2\/users\/1"}],"replies":[{"embeddable":true,"href":"https:\/\/www.skischule-spitzingsee.de\/index.php?rest_route=%2Fwp%2Fv2%2Fcomments&post=187"}],"version-history":[{"count":47,"href":"https:\/\/www.skischule-spitzingsee.de\/index.php?rest_route=\/wp\/v2\/pages\/187\/revisions"}],"predecessor-version":[{"id":7562,"href":"https:\/\/www.skischule-spitzingsee.de\/index.php?rest_route=\/wp\/v2\/pages\/187\/revisions\/7562"}],"up":[{"embeddable":true,"href":"https:\/\/www.skischule-spitzingsee.de\/index.php?rest_route=\/wp\/v2\/pages\/165"}],"wp:featuredmedia":[{"embeddable":true,"href":"https:\/\/www.skischule-spitzingsee.de\/index.php?rest_route=\/wp\/v2\/media\/135"}],"wp:attachment":[{"href":"https:\/\/www.skischule-spitzingsee.de\/index.php?rest_route=%2Fwp%2Fv2%2Fmedia&parent=187"}],"curies":[{"name":"wp","href":"https:\/\/api.w.org\/{rel}","templated":true}]}}