{"id":192,"date":"2018-08-06T19:29:02","date_gmt":"2018-08-06T19:29:02","guid":{"rendered":"https:\/\/www.skischule-spitzingsee.de\/?page_id=192"},"modified":"2025-01-15T17:32:19","modified_gmt":"2025-01-15T17:32:19","slug":"verleih","status":"publish","type":"page","link":"https:\/\/www.skischule-spitzingsee.de\/?page_id=192","title":{"rendered":"Verleih &#038; Service"},"content":{"rendered":"\n<h3 class=\"wp-block-heading\">Die Aktiv-Skischule Spitzingsee verf\u00fcgt \u00fcber eigenes Leihmaterial!<\/h3>\n\n\n\n<p> Ob Ski, Snowboard, Schuhe, Langlaufausr\u00fcstung oder Helm &#8211; bei uns finden Kinder und Erwachsene alles, was sie brauchen. Am besten geben Sie bei der Kursbuchung gleich das gew\u00fcnschte Leihmaterial mit an.<\/p>\n\n\n\n<p class=\"has-medium-font-size\">Auch Tagesg\u00e4ste, die keinen Kurs besuchen, k\u00f6nnen den Verleih nutzen. Wir empfehlen dringend, sich das gew\u00fcnschte Material <strong>sp\u00e4testens am Vortag reservieren<\/strong> zu lassen! Hier online oder auch telefonisch unter 08026 7662.<\/p>\n\n\n\n<p class=\"has-background-color-background-color has-background has-small-font-size\" style=\"font-style:normal;font-weight:600\">Bitte beachten: Wir verleihen NICHT f\u00fcr den Nacht-Skilauf, da unsere Skischule am Kurvenlift liegt und beim Nachskilauf NICHT erreichbar ist!<\/p>\n\n\n<button class=\"caldera-forms-modal\" data-form=\"CF6784aee0ae525\"data-remodal-target=\"cf-modal-CF6784aee0ae52569deb9d38f8bb\" title=\"Click to open the form Materialausleihe in a modal\">Online Leihmaterial reservieren!<\/button>\n","protected":false},"excerpt":{"rendered":"<p>Die Aktiv-Skischule Spitzingsee verf\u00fcgt \u00fcber eigenes Leihmaterial! Ob Ski, Snowboard, Schuhe, Langlaufausr\u00fcstung oder Helm &#8211; bei uns finden Kinder und Erwachsene alles, was sie brauchen. Am besten geben Sie bei der Kursbuchung gleich das gew\u00fcnschte Leihmaterial mit an. Auch Tagesg\u00e4ste, die keinen Kurs besuchen, k\u00f6nnen den Verleih nutzen. Wir empfehlen<a class=\"moretag\" href=\"https:\/\/www.skischule-spitzingsee.de\/?page_id=192\"> Weiterlesen<\/a><\/p>\n","protected":false},"author":1,"featured_media":228,"parent":0,"menu_order":0,"comment_status":"closed","ping_status":"closed","template":"page-templates\/template-fullwidth.php","meta":{"jetpack_post_was_ever_published":false,"footnotes":""},"class_list":["post-192","page","type-page","status-publish","has-post-thumbnail","hentry"],"jetpack_sharing_enabled":true,"jetpack_shortlink":"https:\/\/wp.me\/Paq1kc-36","_links":{"self":[{"href":"https:\/\/www.skischule-spitzingsee.de\/index.php?rest_route=\/wp\/v2\/pages\/192","targetHints":{"allow":["GET"]}}],"collection":[{"href":"https:\/\/www.skischule-spitzingsee.de\/index.php?rest_route=\/wp\/v2\/pages"}],"about":[{"href":"https:\/\/www.skischule-spitzingsee.de\/index.php?rest_route=\/wp\/v2\/types\/page"}],"author":[{"embeddable":true,"href":"https:\/\/www.skischule-spitzingsee.de\/index.php?rest_route=\/wp\/v2\/users\/1"}],"replies":[{"embeddable":true,"href":"https:\/\/www.skischule-spitzingsee.de\/index.php?rest_route=%2Fwp%2Fv2%2Fcomments&post=192"}],"version-history":[{"count":16,"href":"https:\/\/www.skischule-spitzingsee.de\/index.php?rest_route=\/wp\/v2\/pages\/192\/revisions"}],"predecessor-version":[{"id":7547,"href":"https:\/\/www.skischule-spitzingsee.de\/index.php?rest_route=\/wp\/v2\/pages\/192\/revisions\/7547"}],"wp:featuredmedia":[{"embeddable":true,"href":"https:\/\/www.skischule-spitzingsee.de\/index.php?rest_route=\/wp\/v2\/media\/228"}],"wp:attachment":[{"href":"https:\/\/www.skischule-spitzingsee.de\/index.php?rest_route=%2Fwp%2Fv2%2Fmedia&parent=192"}],"curies":[{"name":"wp","href":"https:\/\/api.w.org\/{rel}","templated":true}]}}