{"id":234,"date":"2018-10-07T18:41:30","date_gmt":"2018-10-07T18:41:30","guid":{"rendered":"https:\/\/www.skischule-spitzingsee.de\/?page_id=234"},"modified":"2018-12-22T17:30:41","modified_gmt":"2018-12-22T17:30:41","slug":"events","status":"publish","type":"page","link":"https:\/\/www.skischule-spitzingsee.de\/?page_id=234","title":{"rendered":"Events"},"content":{"rendered":"\r\n<h4 class=\"wp-block-heading\">Es sind die Erlebnisse, die z\u00e4hlen!<\/h4>\r\n\r\n\r\n\r\n<h4 class=\"wp-block-heading\">Die Winterzeit bietet eine ganze Reihe reizvoller Aktivit\u00e4ten, die f\u00fcr Firmenveranstaltungen ideal sind und Ihnen ein unvergessliches gemeinsames Erlebnis bleiben werden.<\/h4>\r\n\r\n\r\n\r\n\r\nOb Eisstockschie\u00dfen oder Biathlon, Skirennen oder Zipflbobrennen, Hundeschlittenabenteuer oder Schneeschuhtour, sportliche Firmenolympiade oder gem\u00fctlicher bayerischer Abend, Reflektion oder Pr\u00e4sentation, alles ist m\u00f6glich.\r\n<h4 style=\"text-align: center;\">Infotelefon 08026 7662<\/h4>\r\n\r\n\r\n\r\n\r\n&nbsp;\r\n\r\n","protected":false},"excerpt":{"rendered":"<p>Es sind die Erlebnisse, die z\u00e4hlen! Die Winterzeit bietet eine ganze Reihe reizvoller Aktivit\u00e4ten, die f\u00fcr Firmenveranstaltungen ideal sind und Ihnen ein unvergessliches gemeinsames Erlebnis bleiben werden. Ob Eisstockschie\u00dfen oder Biathlon, Skirennen oder Zipflbobrennen, Hundeschlittenabenteuer oder Schneeschuhtour, sportliche Firmenolympiade oder gem\u00fctlicher bayerischer Abend, Reflektion oder Pr\u00e4sentation, alles ist m\u00f6glich. Infotelefon<a class=\"moretag\" href=\"https:\/\/www.skischule-spitzingsee.de\/?page_id=234\"> Weiterlesen<\/a><\/p>\n","protected":false},"author":1,"featured_media":264,"parent":0,"menu_order":0,"comment_status":"closed","ping_status":"closed","template":"page-templates\/template-fullwidth.php","meta":{"jetpack_post_was_ever_published":false,"footnotes":""},"class_list":["post-234","page","type-page","status-publish","has-post-thumbnail","hentry"],"jetpack_sharing_enabled":true,"jetpack_shortlink":"https:\/\/wp.me\/Paq1kc-3M","_links":{"self":[{"href":"https:\/\/www.skischule-spitzingsee.de\/index.php?rest_route=\/wp\/v2\/pages\/234","targetHints":{"allow":["GET"]}}],"collection":[{"href":"https:\/\/www.skischule-spitzingsee.de\/index.php?rest_route=\/wp\/v2\/pages"}],"about":[{"href":"https:\/\/www.skischule-spitzingsee.de\/index.php?rest_route=\/wp\/v2\/types\/page"}],"author":[{"embeddable":true,"href":"https:\/\/www.skischule-spitzingsee.de\/index.php?rest_route=\/wp\/v2\/users\/1"}],"replies":[{"embeddable":true,"href":"https:\/\/www.skischule-spitzingsee.de\/index.php?rest_route=%2Fwp%2Fv2%2Fcomments&post=234"}],"version-history":[{"count":6,"href":"https:\/\/www.skischule-spitzingsee.de\/index.php?rest_route=\/wp\/v2\/pages\/234\/revisions"}],"predecessor-version":[{"id":450,"href":"https:\/\/www.skischule-spitzingsee.de\/index.php?rest_route=\/wp\/v2\/pages\/234\/revisions\/450"}],"wp:featuredmedia":[{"embeddable":true,"href":"https:\/\/www.skischule-spitzingsee.de\/index.php?rest_route=\/wp\/v2\/media\/264"}],"wp:attachment":[{"href":"https:\/\/www.skischule-spitzingsee.de\/index.php?rest_route=%2Fwp%2Fv2%2Fmedia&parent=234"}],"curies":[{"name":"wp","href":"https:\/\/api.w.org\/{rel}","templated":true}]}}