{"id":236,"date":"2018-10-07T18:44:12","date_gmt":"2018-10-07T18:44:12","guid":{"rendered":"https:\/\/www.skischule-spitzingsee.de\/?page_id=236"},"modified":"2018-12-22T17:32:02","modified_gmt":"2018-12-22T17:32:02","slug":"haeufige-fragen","status":"publish","type":"page","link":"https:\/\/www.skischule-spitzingsee.de\/?page_id=236","title":{"rendered":"H\u00e4ufige Fragen"},"content":{"rendered":"\r\n<h5 class=\"wp-block-heading\"><strong>Was ist das fr\u00fchm\u00f6glichste Einstiegsalter bei Kindern?<\/strong><\/h5>\r\n\r\n\r\n\r\n\r\nUnsere Gruppenkurse sind f\u00fcr Kinder<strong> ab 4 Jahren<\/strong>. Hier hat sich gezeigt, dass dies das ideale Einstiegsalter f\u00fcr Kinder ist. Die Kinder sind weitgehend selbstst\u00e4ndig (Toilette, Anziehen, Trennung von den Eltern) und die Grobmotorik ist f\u00fcr das Skifahren entsprechend entwickelt. Dreij\u00e4hrige k\u00f6nnen gerne Einzelstunden nehmen.\r\n\r\n\r\n\r\n\r\n<h5 class=\"wp-block-heading\"><strong>Wie viele Kinder sind in einer Gruppe?<\/strong><\/h5>\r\n\r\n\r\n\r\n\r\nBei unseren Skikursen achten wir sehr auf kleine Gruppen. Bei den Anf\u00e4ngern sind es max. 7 Kinder pro Lehrer. Bei den Fortgeschrittenen max. 8 Kinder pro Lehrer.\r\n\r\n\r\n\r\n\r\n<h5 class=\"wp-block-heading\"><strong>Was ben\u00f6tigt mein Kind f\u00fcr den Skikurs?<\/strong><\/h5>\r\n\r\n\r\n\r\n\r\n<strong>Skiausr\u00fcstung: <\/strong>taillierte kurze Skier (Carving), ideale L\u00e4nge bei Einsteigern: bis ca. Brusth\u00f6he, bei Fortgeschrittenen: Brust- bis Nasenh\u00f6he.\r\n<strong>Winterbekleidung:<\/strong> Skihose, Jacke oder Schneeanzug (keine Jeanshose), passende glatt-gestrickte Str\u00fcmpfe oder Strumpfhosen, Helm, warme und wasserabweisende Handschuhe (keine Strick- oder Fleecehandschuhe).\r\n<strong>Brotzeit:<\/strong> F\u00fcr den Vormittagskurs w\u00e4re es gut, Ihrem Kind eine kleine Brotzeit (Brot, Obst,) und etwas zu trinken mitzugeben.\r\n\r\n\r\n\r\n\r\n<h5 class=\"wp-block-heading\"><strong>Wie sind die Kurszeiten?<\/strong><\/h5>\r\n\r\n\r\n\r\n\r\nUnsere Kurszeiten sind t\u00e4glich: 9:30 Uhr \u2013 12:30 Uhr. Privatstunden nur nach Vereinbarung.\r\n\r\n\r\n\r\n\r\n<h5 class=\"wp-block-heading\"><strong>Wie kann ich eine Privatstunde buchen?<\/strong><\/h5>\r\n\r\n\r\n\r\n\r\nPrivatstunden m\u00fcssen individuell gebucht werden. Sie k\u00f6nnen dies telefonisch unter 08026 7662 machen. Gebuchte Privatstunden k\u00f6nnen bis sp\u00e4testens 24h vor Kurstermin storniert werden, andernfalls f\u00e4llt die Kursgeb\u00fchr an.\r\n\r\n\r\n\r\n\r\n<h5 class=\"wp-block-heading\"><strong>Ist die Skiliftkarte im Preis inbegriffen?<\/strong><\/h5>\r\n\r\n\r\n\r\n\r\nNein, die Skiliftkarte ist nicht enthalten. Kursteilnehmer k\u00f6nnen eine erm\u00e4\u00dfigte Kursteilnehmerkarte beziehen. Diese erhalten Sie von Ihrem Skilehrer t\u00e4glich vor Kursbeginn und muss im B\u00fcro der Skischule gemeinsam mit der Kursgeb\u00fchr bezahlt werden.\r\n\r\n\r\n\r\n\r\n<h5 class=\"wp-block-heading\"><strong>Findet Skikurs auch bei schlechtem Wetter statt?<\/strong><\/h5>\r\n\r\n\r\n\r\n\r\nSkifahren ist eine Freiluftsportart. Grunds\u00e4tzlich findet der Skikurs bei jedem Wetter statt. Viele Kursteilnehmer reisen extra wegen des Skikurses an, diesen k\u00f6nnen wir dann selbstverst\u00e4ndlich nicht wegen ein paar Schneeflocken oder Regentropfen absagen. Der Skikurs wird abgesagt, wenn die Lifte den Betrieb einstellen (zu wenig Schnee, Wind) und dadurch das Ski-bzw. Snowboardfahren unm\u00f6glich wird.\r\n\r\n\r\n\r\n\r\n<h5 class=\"wp-block-heading\"><strong>Gibt es eine Helmpflicht?<\/strong><\/h5>\r\n\r\n\r\n\r\n\r\nEs gib in Deutschland noch immer keine generelle Helmpflicht. Dennoch soll bei uns jedes Kind im Kurs einen Helm tragen.\r\n\r\n\r\n\r\n\r\n<h5 class=\"wp-block-heading\"><strong>Wann muss ich den Kurs bezahlen?<\/strong><\/h5>\r\n\r\n\r\n\r\n\r\nSie bezahlen den Skikurs im Laufe der Kurszeit vor Ort in bar oder per Lastschriftverfahren. Ein entsprechendes Formular erhalten Sie in unserem Skischulb\u00fcro.\r\n\r\n\r\n\r\n\r\n<h5 class=\"wp-block-heading\"><strong>Muss ich mich vorher anmelden?<\/strong><\/h5>\r\n\r\n\r\n\r\n\r\nJa, eine Teilnahme an einem Kurs oder Privatunterricht ist nur nach vorheriger Anmeldung m\u00f6glich. Diese muss bis sp\u00e4testens 48 h vor dem Kurstermin erfolgen. Sollte ein Kurs bereits ausgebucht sein, ist eine Teilnahme leider nicht m\u00f6glich.\r\n\r\n\r\n\r\n\r\n<h5 class=\"wp-block-heading\"><strong>Wie funktioniert die Anmeldung?<\/strong><\/h5>\r\n\r\n\r\n\r\n\r\nSie melden sich\/Ihr Kind \u00fcber das Anmeldeformular auf unserer Homepage www.skischule-spitzingsee.de oder telefonisch unter 08026 7662 an. Wir ben\u00f6tigen den gew\u00fcnschten Zeitraum, Namen, Alter, Fahrk\u00f6nnen und ob Ausr\u00fcstung ben\u00f6tigt wird. Bei online Anmeldungen erhalten Sie eine Best\u00e4tigungsmail.\r\n\r\n\r\n\r\n\r\n<h5 class=\"wp-block-heading\"><strong>Kann ich Ausr\u00fcstung leihen?<\/strong><\/h5>\r\n\r\n\r\n\r\n\r\nJa, wir verleihen Ski- Snowboard- und Langlaufausr\u00fcstungen. Bitte reservieren Sie das Leihmaterial direkt bei der Kursanmeldung oder, falls Sie keinen Kurs besuchen bis sp\u00e4testens am Vortag telefonisch (0171\/7083410 ).\r\n\r\n\r\n\r\n\r\n<h5 class=\"wp-block-heading\"><strong>Wie werden die Gruppen eingeteilt?<\/strong><\/h5>\r\n\r\n\r\n\r\n\r\nDie Gruppen werden zun\u00e4chst anhand der Angaben bei der Anmeldung eingeteilt. Dabei ist die fahrtechnische Vorerfahrung das wichtigste Einteilungskriterium. W\u00e4hrend des Kurses kann eine nachtr\u00e4gliche Anpassung der Einteilung n\u00f6tig sein, um m\u00f6glichst leistungshomogene Gruppen zu erhalten und den gr\u00f6\u00dften Lernfortschritt zu erzielen. Falls Freunde oder Geschwister unbedingt zusammen bleiben m\u00f6chten, kommen sie in die Gruppe, die f\u00fcr den schw\u00e4cheren Fahrer passt.\r\n\r\n\r\n\r\n\r\n<h5 class=\"wp-block-heading\"><strong>Was passiert, wenn Skiunterricht wegen Schneemangel ausf\u00e4llt?<\/strong><\/h5>\r\n\r\n\r\n\r\n\r\nDann entf\u00e4llt der Kurs und es fallen f\u00fcr Sie keine Kosten an. Bereits bezahlte Kursgeb\u00fchren werden zur\u00fcckerstattet oder gutgeschrieben.\r\n\r\n\r\n\r\n\r\n<h5 class=\"wp-block-heading\"><strong>Was passiert bei Krankheit?<\/strong><\/h5>\r\n\r\n\r\n\r\n\r\nSollte ihr Kind w\u00e4hrend des Skikurses krank werden, erhalten sie f\u00fcr die entfallene Kurszeit einen Gutschein, den sie in der laufenden oder folgenden Saison einl\u00f6sen k\u00f6nnen.\r\n\r\n\r\n\r\n\r\n\r\nSollte ein Kind wegen Krankheit einen Kurs gar nicht antreten k\u00f6nnen, fallen keine Kosten an. Melden Sie dies aber bitte umgehend bei uns.\r\n\r\n\r\n\r\n\r\n<h5 class=\"wp-block-heading\"><strong>Was passiert, wenn ich mich anmelde und dann nicht komme?<\/strong><\/h5>\r\n\r\n\r\n\r\n\r\nDie Gruppen werden nach den vorliegenden Anmeldungen zusammengestellt, die Skilehrer entsprechend der Gruppenanzahl und Anzahl an Privatanmeldungen gebucht. Teilweise werden Anmeldungen nicht mehr angenommen, weil die Kurse oder die Skilehrer ausgebucht sind.\r\n\r\n\r\n\r\n\r\n\r\nWenn dann am Kurstag Teilnehmer einfach nicht antreten, ist das nicht nur \u00e4rgerlich f\u00fcr uns selbst, sondern vor allem auch unfair gegen\u00fcber den anderen Teilnehmern und unseren Skilehrern. Daher m\u00fcssen wir bei unentschuldigtem Fehlen die Kursgeb\u00fchr einfordern.\r\n\r\n","protected":false},"excerpt":{"rendered":"<p>Was ist das fr\u00fchm\u00f6glichste Einstiegsalter bei Kindern? Unsere Gruppenkurse sind f\u00fcr Kinder ab 4 Jahren. Hier hat sich gezeigt, dass dies das ideale Einstiegsalter f\u00fcr Kinder ist. Die Kinder sind weitgehend selbstst\u00e4ndig (Toilette, Anziehen, Trennung von den Eltern) und die Grobmotorik ist f\u00fcr das Skifahren entsprechend entwickelt. Dreij\u00e4hrige k\u00f6nnen gerne<a class=\"moretag\" href=\"https:\/\/www.skischule-spitzingsee.de\/?page_id=236\"> Weiterlesen<\/a><\/p>\n","protected":false},"author":1,"featured_media":296,"parent":0,"menu_order":0,"comment_status":"closed","ping_status":"closed","template":"page-templates\/template-fullwidth.php","meta":{"jetpack_post_was_ever_published":false,"footnotes":""},"class_list":["post-236","page","type-page","status-publish","has-post-thumbnail","hentry"],"jetpack_sharing_enabled":true,"jetpack_shortlink":"https:\/\/wp.me\/Paq1kc-3O","_links":{"self":[{"href":"https:\/\/www.skischule-spitzingsee.de\/index.php?rest_route=\/wp\/v2\/pages\/236","targetHints":{"allow":["GET"]}}],"collection":[{"href":"https:\/\/www.skischule-spitzingsee.de\/index.php?rest_route=\/wp\/v2\/pages"}],"about":[{"href":"https:\/\/www.skischule-spitzingsee.de\/index.php?rest_route=\/wp\/v2\/types\/page"}],"author":[{"embeddable":true,"href":"https:\/\/www.skischule-spitzingsee.de\/index.php?rest_route=\/wp\/v2\/users\/1"}],"replies":[{"embeddable":true,"href":"https:\/\/www.skischule-spitzingsee.de\/index.php?rest_route=%2Fwp%2Fv2%2Fcomments&post=236"}],"version-history":[{"count":4,"href":"https:\/\/www.skischule-spitzingsee.de\/index.php?rest_route=\/wp\/v2\/pages\/236\/revisions"}],"predecessor-version":[{"id":451,"href":"https:\/\/www.skischule-spitzingsee.de\/index.php?rest_route=\/wp\/v2\/pages\/236\/revisions\/451"}],"wp:featuredmedia":[{"embeddable":true,"href":"https:\/\/www.skischule-spitzingsee.de\/index.php?rest_route=\/wp\/v2\/media\/296"}],"wp:attachment":[{"href":"https:\/\/www.skischule-spitzingsee.de\/index.php?rest_route=%2Fwp%2Fv2%2Fmedia&parent=236"}],"curies":[{"name":"wp","href":"https:\/\/api.w.org\/{rel}","templated":true}]}}