{"id":265,"date":"2018-10-15T19:43:15","date_gmt":"2018-10-15T19:43:15","guid":{"rendered":"https:\/\/www.skischule-spitzingsee.de\/?page_id=265"},"modified":"2024-09-21T08:48:03","modified_gmt":"2024-09-21T08:48:03","slug":"wochenendkurse","status":"publish","type":"page","link":"https:\/\/www.skischule-spitzingsee.de\/?page_id=265","title":{"rendered":"Wochenendkurse"},"content":{"rendered":"\r\n<h4>An fast jedem Schneewochenende haben Sie die M\u00f6glichkeit, bei uns einen Wochenendkurs zu besuchen. Wir bieten Einsteiger- und Fortgeschrittenenkurse in allen Altersstufen f\u00fcr Ski und Snowboard an, solange Schnee vorhanden ist. Einfach Wunsch-Wochenende \u00fcber das Anmeldeformular anfragen&#8230;<\/h4>\r\n<table style=\"width: 100%; border-style: inset;\" class=\"aligncenter\" border=\"1\">\r\n<tbody>\r\n<tr style=\"background-color: #cdd9f7;\">\r\n<td style=\"width: 10%;\">Kurs<\/td>\r\n<td style=\"width: 60%;\">Datum und Uhrzeit<\/td>\r\n<td style=\"width: 15%;\">(Preise zzgl. Liftgeb\u00fchr)<\/td>\r\n<td style=\"width: 15%;\"><\/td>\r\n<\/tr>\r\n<tr style=\"background-color: #d4d4d4;\">\r\n<td style=\"width: 10%;\">SWE<\/td>\r\n<td style=\"width: 60%;\">Samstag und Sonntag, je 9:30 bis 12:30 Uhr.\u00a0<\/td>\r\n<td style=\"width: 15%;\">130,00 EUR<\/td>\r\n<td style=\"width: 15%;\"><button class=\"caldera-forms-modal\" data-form=\"CF5bc9928b3bdf2\"data-remodal-target=\"cf-modal-CF5bc9928b3bdf269e08bef22d62\" title=\"Click to open the form SWE in a modal\">Jetzt buchen<\/button><\/td>\r\n<\/tr>\r\n<\/tbody>\r\n<\/table>\r\n<h5>(Wenn ein Wochenende im Buchungsformular nicht mehr auftaucht, ist es leider schon ausgebucht)<\/h5>\r\n<p>&nbsp;<\/p>\r\n","protected":false},"excerpt":{"rendered":"<p>An fast jedem Schneewochenende haben Sie die M\u00f6glichkeit, bei uns einen Wochenendkurs zu besuchen. Wir bieten Einsteiger- und Fortgeschrittenenkurse in allen Altersstufen f\u00fcr Ski und Snowboard an, solange Schnee vorhanden ist. Einfach Wunsch-Wochenende \u00fcber das Anmeldeformular anfragen&#8230; Kurs Datum und Uhrzeit (Preise zzgl. Liftgeb\u00fchr) SWE Samstag und Sonntag, je 9:30<a class=\"moretag\" href=\"https:\/\/www.skischule-spitzingsee.de\/?page_id=265\"> Weiterlesen<\/a><\/p>\n","protected":false},"author":1,"featured_media":91,"parent":165,"menu_order":0,"comment_status":"closed","ping_status":"closed","template":"page-templates\/template-fullwidth.php","meta":{"jetpack_post_was_ever_published":false,"footnotes":""},"class_list":["post-265","page","type-page","status-publish","has-post-thumbnail","hentry"],"jetpack_sharing_enabled":true,"jetpack_shortlink":"https:\/\/wp.me\/Paq1kc-4h","_links":{"self":[{"href":"https:\/\/www.skischule-spitzingsee.de\/index.php?rest_route=\/wp\/v2\/pages\/265","targetHints":{"allow":["GET"]}}],"collection":[{"href":"https:\/\/www.skischule-spitzingsee.de\/index.php?rest_route=\/wp\/v2\/pages"}],"about":[{"href":"https:\/\/www.skischule-spitzingsee.de\/index.php?rest_route=\/wp\/v2\/types\/page"}],"author":[{"embeddable":true,"href":"https:\/\/www.skischule-spitzingsee.de\/index.php?rest_route=\/wp\/v2\/users\/1"}],"replies":[{"embeddable":true,"href":"https:\/\/www.skischule-spitzingsee.de\/index.php?rest_route=%2Fwp%2Fv2%2Fcomments&post=265"}],"version-history":[{"count":11,"href":"https:\/\/www.skischule-spitzingsee.de\/index.php?rest_route=\/wp\/v2\/pages\/265\/revisions"}],"predecessor-version":[{"id":7447,"href":"https:\/\/www.skischule-spitzingsee.de\/index.php?rest_route=\/wp\/v2\/pages\/265\/revisions\/7447"}],"up":[{"embeddable":true,"href":"https:\/\/www.skischule-spitzingsee.de\/index.php?rest_route=\/wp\/v2\/pages\/165"}],"wp:featuredmedia":[{"embeddable":true,"href":"https:\/\/www.skischule-spitzingsee.de\/index.php?rest_route=\/wp\/v2\/media\/91"}],"wp:attachment":[{"href":"https:\/\/www.skischule-spitzingsee.de\/index.php?rest_route=%2Fwp%2Fv2%2Fmedia&parent=265"}],"curies":[{"name":"wp","href":"https:\/\/api.w.org\/{rel}","templated":true}]}}