{"id":269,"date":"2018-10-15T19:49:15","date_gmt":"2018-10-15T19:49:15","guid":{"rendered":"https:\/\/www.skischule-spitzingsee.de\/?page_id=269"},"modified":"2020-10-25T07:10:50","modified_gmt":"2020-10-25T07:10:50","slug":"privatunterricht-ski-snowboard-langlauf","status":"publish","type":"page","link":"https:\/\/www.skischule-spitzingsee.de\/?page_id=269","title":{"rendered":"Privatunterricht Ski und Snowboard"},"content":{"rendered":"\r\n<h4 style=\"text-align: center;\">Es gibt verschiedene Gr\u00fcnde, einen Privatunterricht zu buchen:<\/h4>\r\n<ul style=\"list-style-type: circle; text-align: center;\">\r\n<li style=\"text-align: left;\">Sie wollen einen Lehrer, der sich nur um Ihre Bed\u00fcrfnisse k\u00fcmmert?<\/li>\r\n<li style=\"text-align: left;\">Sie haben Angst und brauchen intensive mentale Unterst\u00fctzung?<\/li>\r\n<li style=\"text-align: left;\">Sie haben nur an bestimmten Terminen Zeit?<\/li>\r\n<li style=\"text-align: left;\">Sie wollen m\u00f6glichst schnell vorankommen?<\/li>\r\n<li style=\"text-align: left;\">Sie haben eine Verletzung hinter sich und brauchen Hilfe beim Wiedereinstieg?<\/li>\r\n<\/ul>\r\n<h4 style=\"text-align: center;\">Unsere speziell ausgebildeten Lehrer k\u00fcmmern sich um Sie!<\/h4>\r\n<p style=\"text-align: center;\">\n<table id=\"tablepress-1\" class=\"tablepress tablepress-id-1\">\n<thead>\n<tr class=\"row-1\">\n\t<td class=\"column-1\"><\/td><th class=\"column-2\">1 Person<\/th><th class=\"column-3\">jede weitere Person<\/th>\n<\/tr>\n<\/thead>\n<tbody class=\"row-striping row-hover\">\n<tr class=\"row-2\">\n\t<td class=\"column-1\">1 Stunde<\/td><td class=\"column-2\">75,- EUR<\/td><td class=\"column-3\">30,- EUR<\/td>\n<\/tr>\n<tr class=\"row-3\">\n\t<td class=\"column-1\">1,5 Stunden<\/td><td class=\"column-2\">110,- EUR<\/td><td class=\"column-3\">45,- EUR<\/td>\n<\/tr>\n<tr class=\"row-4\">\n\t<td class=\"column-1\">2 Stunden<\/td><td class=\"column-2\">140,- EUR<\/td><td class=\"column-3\">60,- EUR<\/td>\n<\/tr>\n<tr class=\"row-5\">\n\t<td class=\"column-1\">3 Stunden<\/td><td class=\"column-2\">200,- EUR<\/td><td class=\"column-3\">90,- EUR<\/td>\n<\/tr>\n<tr class=\"row-6\">\n\t<td class=\"column-1\">Ganzer Tag (5h Unterricht plus 30min Mittagspause)<\/td><td class=\"column-2\">300,- EUR<\/td><td class=\"column-3\">90,- EUR<\/td>\n<\/tr>\n<\/tbody>\n<\/table>\n<!-- #tablepress-1 from cache --><\/p>\r\n<p style=\"text-align: center;\"><button class=\"caldera-forms-modal\" data-form=\"CF5bc99723a7d77\" data-width=\"500\"data-remodal-target=\"cf-modal-CF5bc99723a7d7769fdde1e25de9\" title=\"Click to open the form Privatunterricht in a modal\">Jetzt Privatstunden anfragen&#8230;<\/button><\/p>\r\n\r\n<p>&nbsp;<\/p>","protected":false},"excerpt":{"rendered":"<p>Es gibt verschiedene Gr\u00fcnde, einen Privatunterricht zu buchen: Sie wollen einen Lehrer, der sich nur um Ihre Bed\u00fcrfnisse k\u00fcmmert? Sie haben Angst und brauchen intensive mentale Unterst\u00fctzung? Sie haben nur an bestimmten Terminen Zeit? Sie wollen m\u00f6glichst schnell vorankommen? Sie haben eine Verletzung hinter sich und brauchen Hilfe beim Wiedereinstieg?<a class=\"moretag\" href=\"https:\/\/www.skischule-spitzingsee.de\/?page_id=269\"> Weiterlesen<\/a><\/p>\n","protected":false},"author":1,"featured_media":295,"parent":165,"menu_order":0,"comment_status":"closed","ping_status":"closed","template":"page-templates\/template-fullwidth.php","meta":{"jetpack_post_was_ever_published":false,"footnotes":""},"class_list":["post-269","page","type-page","status-publish","has-post-thumbnail","hentry"],"jetpack_sharing_enabled":true,"jetpack_shortlink":"https:\/\/wp.me\/Paq1kc-4l","_links":{"self":[{"href":"https:\/\/www.skischule-spitzingsee.de\/index.php?rest_route=\/wp\/v2\/pages\/269","targetHints":{"allow":["GET"]}}],"collection":[{"href":"https:\/\/www.skischule-spitzingsee.de\/index.php?rest_route=\/wp\/v2\/pages"}],"about":[{"href":"https:\/\/www.skischule-spitzingsee.de\/index.php?rest_route=\/wp\/v2\/types\/page"}],"author":[{"embeddable":true,"href":"https:\/\/www.skischule-spitzingsee.de\/index.php?rest_route=\/wp\/v2\/users\/1"}],"replies":[{"embeddable":true,"href":"https:\/\/www.skischule-spitzingsee.de\/index.php?rest_route=%2Fwp%2Fv2%2Fcomments&post=269"}],"version-history":[{"count":11,"href":"https:\/\/www.skischule-spitzingsee.de\/index.php?rest_route=\/wp\/v2\/pages\/269\/revisions"}],"predecessor-version":[{"id":3795,"href":"https:\/\/www.skischule-spitzingsee.de\/index.php?rest_route=\/wp\/v2\/pages\/269\/revisions\/3795"}],"up":[{"embeddable":true,"href":"https:\/\/www.skischule-spitzingsee.de\/index.php?rest_route=\/wp\/v2\/pages\/165"}],"wp:featuredmedia":[{"embeddable":true,"href":"https:\/\/www.skischule-spitzingsee.de\/index.php?rest_route=\/wp\/v2\/media\/295"}],"wp:attachment":[{"href":"https:\/\/www.skischule-spitzingsee.de\/index.php?rest_route=%2Fwp%2Fv2%2Fmedia&parent=269"}],"curies":[{"name":"wp","href":"https:\/\/api.w.org\/{rel}","templated":true}]}}