{"id":283,"date":"2018-10-15T19:56:23","date_gmt":"2018-10-15T19:56:23","guid":{"rendered":"https:\/\/www.skischule-spitzingsee.de\/?page_id=283"},"modified":"2024-10-01T18:14:42","modified_gmt":"2024-10-01T18:14:42","slug":"kindergaerten-und-schulen","status":"publish","type":"page","link":"https:\/\/www.skischule-spitzingsee.de\/?page_id=283","title":{"rendered":"Kinderg\u00e4rten und Schulen"},"content":{"rendered":"\n<div class=\"wp-block-media-text is-stacked-on-mobile\"><figure class=\"wp-block-media-text__media\"><img loading=\"lazy\" decoding=\"async\" width=\"1024\" height=\"683\" src=\"https:\/\/www.skischule-spitzingsee.de\/wp-content\/uploads\/2018\/07\/2014_01_29_3845-1024x683.jpg\" alt=\"\" class=\"wp-image-151 size-full\" srcset=\"https:\/\/www.skischule-spitzingsee.de\/wp-content\/uploads\/2018\/07\/2014_01_29_3845-1024x683.jpg 1024w, https:\/\/www.skischule-spitzingsee.de\/wp-content\/uploads\/2018\/07\/2014_01_29_3845-300x200.jpg 300w, https:\/\/www.skischule-spitzingsee.de\/wp-content\/uploads\/2018\/07\/2014_01_29_3845-768x512.jpg 768w, https:\/\/www.skischule-spitzingsee.de\/wp-content\/uploads\/2018\/07\/2014_01_29_3845-360x240.jpg 360w, https:\/\/www.skischule-spitzingsee.de\/wp-content\/uploads\/2018\/07\/2014_01_29_3845.jpg 1800w\" sizes=\"auto, (max-width: 1024px) 100vw, 1024px\" \/><\/figure><div class=\"wp-block-media-text__content\">\n<h4 class=\"wp-block-heading\">F\u00fcr Kinderg\u00e4rten bieten wir seit Jahren ma\u00dfgeschneiderte Angebote am Vormittag. Wenn die Schneelage es erlaubt, fahren wir auch gerne mit Euch an den Oedberg. Zur Sicherheit planen wir aber ab 2025 immer am Kurvenlift Spitzingsee.<\/h4>\n\n\n\n<p><\/p>\n<\/div><\/div>\n\n\n\n<hr class=\"wp-block-separator has-alpha-channel-opacity\"\/>\n\n\n\n<div class=\"wp-block-buttons alignwide is-content-justification-center is-layout-flex wp-container-core-buttons-is-layout-16018d1d wp-block-buttons-is-layout-flex\">\n<div class=\"wp-block-button has-custom-font-size is-style-outline has-medium-font-size is-style-outline--1\"><a class=\"wp-block-button__link has-white-color has-accent-background-color has-text-color has-background has-link-color wp-element-button\" href=\"https:\/\/www.skischule-spitzingsee.de\/?page_id=7443\" style=\"border-radius:14px\">Melden Sie hier Ihr Kind f\u00fcr einen von Ihrem Kindergarten geplanten Kurs an!<\/a><\/div>\n<\/div>\n\n\n\n<hr class=\"wp-block-separator has-alpha-channel-opacity\"\/>\n\n\n\n<blockquote class=\"wp-block-quote is-layout-flow wp-block-quote-is-layout-flow\">\n<h4 class=\"wp-block-heading has-text-align-center\">Liebe Kinderg\u00e4rten und Elternbeir\u00e4te: Die schneesicheren Wochen sind immer schnell ausgebucht, also melden Sie sich bitte m\u00f6glichst fr\u00fch im Winter bei uns!<\/h4>\n<\/blockquote>\n\n\n\n<h5 class=\"wp-block-heading\">Auch f\u00fcr Schulkinder bieten wir das passende Angebot. Eine Skikurs-Woche mit Kursen jeden Nachmittag ist genauso m\u00f6glich wie ein &#8222;Schnee-Tag&#8220;. Auch hier gilt, bitte m\u00f6glichst fr\u00fch bei uns melden, dann k\u00f6nnen wir gemeinsam planen.<\/h5>\n\n\n\n<h3 class=\"wp-block-heading\">Infotelefon 08026 7662<\/h3>\n\n\n\n<p><\/p>\n","protected":false},"excerpt":{"rendered":"<p>F\u00fcr Kinderg\u00e4rten bieten wir seit Jahren ma\u00dfgeschneiderte Angebote am Vormittag. Wenn die Schneelage es erlaubt, fahren wir auch gerne mit Euch an den Oedberg. Zur Sicherheit planen wir aber ab 2025 immer am Kurvenlift Spitzingsee. Liebe Kinderg\u00e4rten und Elternbeir\u00e4te: Die schneesicheren Wochen sind immer schnell ausgebucht, also melden Sie sich<a class=\"moretag\" href=\"https:\/\/www.skischule-spitzingsee.de\/?page_id=283\"> Weiterlesen<\/a><\/p>\n","protected":false},"author":1,"featured_media":297,"parent":165,"menu_order":0,"comment_status":"closed","ping_status":"closed","template":"page-templates\/template-fullwidth.php","meta":{"jetpack_post_was_ever_published":false,"footnotes":""},"class_list":["post-283","page","type-page","status-publish","has-post-thumbnail","hentry"],"jetpack_sharing_enabled":true,"jetpack_shortlink":"https:\/\/wp.me\/Paq1kc-4z","_links":{"self":[{"href":"https:\/\/www.skischule-spitzingsee.de\/index.php?rest_route=\/wp\/v2\/pages\/283","targetHints":{"allow":["GET"]}}],"collection":[{"href":"https:\/\/www.skischule-spitzingsee.de\/index.php?rest_route=\/wp\/v2\/pages"}],"about":[{"href":"https:\/\/www.skischule-spitzingsee.de\/index.php?rest_route=\/wp\/v2\/types\/page"}],"author":[{"embeddable":true,"href":"https:\/\/www.skischule-spitzingsee.de\/index.php?rest_route=\/wp\/v2\/users\/1"}],"replies":[{"embeddable":true,"href":"https:\/\/www.skischule-spitzingsee.de\/index.php?rest_route=%2Fwp%2Fv2%2Fcomments&post=283"}],"version-history":[{"count":12,"href":"https:\/\/www.skischule-spitzingsee.de\/index.php?rest_route=\/wp\/v2\/pages\/283\/revisions"}],"predecessor-version":[{"id":7471,"href":"https:\/\/www.skischule-spitzingsee.de\/index.php?rest_route=\/wp\/v2\/pages\/283\/revisions\/7471"}],"up":[{"embeddable":true,"href":"https:\/\/www.skischule-spitzingsee.de\/index.php?rest_route=\/wp\/v2\/pages\/165"}],"wp:featuredmedia":[{"embeddable":true,"href":"https:\/\/www.skischule-spitzingsee.de\/index.php?rest_route=\/wp\/v2\/media\/297"}],"wp:attachment":[{"href":"https:\/\/www.skischule-spitzingsee.de\/index.php?rest_route=%2Fwp%2Fv2%2Fmedia&parent=283"}],"curies":[{"name":"wp","href":"https:\/\/api.w.org\/{rel}","templated":true}]}}