{"id":286,"date":"2018-10-15T20:01:15","date_gmt":"2018-10-15T20:01:15","guid":{"rendered":"https:\/\/www.skischule-spitzingsee.de\/?page_id=286"},"modified":"2018-12-22T17:35:20","modified_gmt":"2018-12-22T17:35:20","slug":"ski-schneeschuhtouren","status":"publish","type":"page","link":"https:\/\/www.skischule-spitzingsee.de\/?page_id=286","title":{"rendered":"Ski- &#038; Schneeschuhtouren"},"content":{"rendered":"<h2>Skitoureneinf\u00fchrung<\/h2>\n<h4>Du tr\u00e4umst von genussvollen Aufstiegen, Gipfelblick, einsamen H\u00e4ngen und Pulverschnee?<\/h4>\n<p><img loading=\"lazy\" decoding=\"async\" class=\"dropshadowclass alignright wp-image-298 size-full\" alt=\"\" src=\"https:\/\/www.skischule-spitzingsee.de\/wp-content\/uploads\/2018\/10\/skitour-klein.jpg\" width=\"500\" height=\"333\" srcset=\"https:\/\/www.skischule-spitzingsee.de\/wp-content\/uploads\/2018\/10\/skitour-klein.jpg 500w, https:\/\/www.skischule-spitzingsee.de\/wp-content\/uploads\/2018\/10\/skitour-klein-300x200.jpg 300w, https:\/\/www.skischule-spitzingsee.de\/wp-content\/uploads\/2018\/10\/skitour-klein-360x240.jpg 360w\" sizes=\"auto, (max-width: 500px) 100vw, 500px\" \/>Lass dich von uns in Kleingruppen in das Skitouren-Gehen einf\u00fchren:<\/p>\n<ul>\n<li>Du erlernst den Umgang mit der Ausr\u00fcstung,<\/li>\n<li>wirst in die Handhabung des LVS-Ger\u00e4ts \u00fcben,<\/li>\n<li>lernst, wozu man Schaufel und Sonde mitf\u00fchrt,<\/li>\n<li>wie der Lawinenlagebericht zu lesen ist,<\/li>\n<li>wie du dich in dich in der Bergwelt orientierst<\/li>\n<li>und wirst in die Aufstiegs- und Abfahrtstechnik eingewiesen.<\/li>\n<\/ul>\n<p>Dann steht den ersten kleinen Skitouren nichts mehr im Wege.<br \/>\nTerminvereinbarung: Infotelefon 08026 7662<\/p>\n<p><strong>Dauer ca. 4h, Preis pro Person 175,- \u20ac<\/strong><\/p>\n<hr \/>\n<h2>Schneeschuh-Touren<\/h2>\n<h4>Abseits der bev\u00f6lkerten Pisten und Loipen die winterliche Natur genie\u00dfen&#8230;.<br \/>\n&#8230;. das verspricht eine Schneeschuh-Tour.<\/h4>\n<p><img loading=\"lazy\" decoding=\"async\" class=\"dropshadowclass alignright wp-image-299 size-full\" alt=\"\" src=\"https:\/\/www.skischule-spitzingsee.de\/wp-content\/uploads\/2018\/10\/almen-klein.jpg\" width=\"500\" height=\"333\" srcset=\"https:\/\/www.skischule-spitzingsee.de\/wp-content\/uploads\/2018\/10\/almen-klein.jpg 500w, https:\/\/www.skischule-spitzingsee.de\/wp-content\/uploads\/2018\/10\/almen-klein-300x200.jpg 300w, https:\/\/www.skischule-spitzingsee.de\/wp-content\/uploads\/2018\/10\/almen-klein-360x240.jpg 360w\" sizes=\"auto, (max-width: 500px) 100vw, 500px\" \/>Lasst euch von unseren ortskundigen Guides in die traumhafte Winterwelt entf\u00fchren!<br \/>\nHierf\u00fcr ist keine Vorerfahrung n\u00f6tig. Ihr braucht nur feste Schuhe, Wintersportkleidung und Lust auf Schnee!<\/p>\n<p><strong>Dauer ca. 3h<\/strong><\/p>\n<p><strong>Ab 3 Personen, Preis pro Person 55,- \u20ac<\/strong><br \/>\n(incl. Leih-Schneeschuhen und St\u00f6cken)<\/p>\n","protected":false},"excerpt":{"rendered":"<p>Skitoureneinf\u00fchrung Du tr\u00e4umst von genussvollen Aufstiegen, Gipfelblick, einsamen H\u00e4ngen und Pulverschnee? Lass dich von uns in Kleingruppen in das Skitouren-Gehen einf\u00fchren: Du erlernst den Umgang mit der Ausr\u00fcstung, wirst in die Handhabung des LVS-Ger\u00e4ts \u00fcben, lernst, wozu man Schaufel und Sonde mitf\u00fchrt, wie der Lawinenlagebericht zu lesen ist, wie du<a class=\"moretag\" href=\"https:\/\/www.skischule-spitzingsee.de\/?page_id=286\"> Weiterlesen<\/a><\/p>\n","protected":false},"author":1,"featured_media":292,"parent":165,"menu_order":0,"comment_status":"closed","ping_status":"closed","template":"page-templates\/template-fullwidth.php","meta":{"jetpack_post_was_ever_published":false,"footnotes":""},"class_list":["post-286","page","type-page","status-publish","has-post-thumbnail","hentry"],"jetpack_sharing_enabled":true,"jetpack_shortlink":"https:\/\/wp.me\/Paq1kc-4C","_links":{"self":[{"href":"https:\/\/www.skischule-spitzingsee.de\/index.php?rest_route=\/wp\/v2\/pages\/286","targetHints":{"allow":["GET"]}}],"collection":[{"href":"https:\/\/www.skischule-spitzingsee.de\/index.php?rest_route=\/wp\/v2\/pages"}],"about":[{"href":"https:\/\/www.skischule-spitzingsee.de\/index.php?rest_route=\/wp\/v2\/types\/page"}],"author":[{"embeddable":true,"href":"https:\/\/www.skischule-spitzingsee.de\/index.php?rest_route=\/wp\/v2\/users\/1"}],"replies":[{"embeddable":true,"href":"https:\/\/www.skischule-spitzingsee.de\/index.php?rest_route=%2Fwp%2Fv2%2Fcomments&post=286"}],"version-history":[{"count":10,"href":"https:\/\/www.skischule-spitzingsee.de\/index.php?rest_route=\/wp\/v2\/pages\/286\/revisions"}],"predecessor-version":[{"id":454,"href":"https:\/\/www.skischule-spitzingsee.de\/index.php?rest_route=\/wp\/v2\/pages\/286\/revisions\/454"}],"up":[{"embeddable":true,"href":"https:\/\/www.skischule-spitzingsee.de\/index.php?rest_route=\/wp\/v2\/pages\/165"}],"wp:featuredmedia":[{"embeddable":true,"href":"https:\/\/www.skischule-spitzingsee.de\/index.php?rest_route=\/wp\/v2\/media\/292"}],"wp:attachment":[{"href":"https:\/\/www.skischule-spitzingsee.de\/index.php?rest_route=%2Fwp%2Fv2%2Fmedia&parent=286"}],"curies":[{"name":"wp","href":"https:\/\/api.w.org\/{rel}","templated":true}]}}